{"id":37598,"date":"2026-01-20T09:51:32","date_gmt":"2026-01-20T08:51:32","guid":{"rendered":"https:\/\/reas.tmediasupport.com\/?page_id=37598"},"modified":"2026-01-23T11:56:43","modified_gmt":"2026-01-23T10:56:43","slug":"contacts-4","status":"publish","type":"page","link":"https:\/\/reas.tmediasupport.com\/en\/contacts-4\/","title":{"rendered":"Contacts"},"content":{"rendered":"\t\t<div data-elementor-type=\"wp-page\" data-elementor-id=\"37598\" class=\"elementor elementor-37598 elementor-37597\" data-elementor-post-type=\"page\">\n\t\t\t\t\t\t<section class=\"elementor-section elementor-top-section elementor-element elementor-element-cb643bf elementor-section-stretched tm-column-break-ipad-no tm-col-stretched-none elementor-section-boxed elementor-section-height-default elementor-section-height-default\" data-id=\"cb643bf\" data-element_type=\"section\" data-settings=\"{&quot;stretch_section&quot;:&quot;section-stretched&quot;,&quot;background_background&quot;:&quot;classic&quot;}\">\n\t\t\t\t\t\t<div class=\"elementor-container elementor-column-gap-default\">\n\t\t\t\t\t<div class=\"elementor-column elementor-col-100 elementor-top-column elementor-element elementor-element-5919731\" data-id=\"5919731\" data-element_type=\"column\">\n\t\t\t<div class=\"elementor-widget-wrap elementor-element-populated\">\n\t\t\t\t\t\t<div class=\"elementor-element elementor-element-92bf98d elementor-widget elementor-widget-heading\" data-id=\"92bf98d\" data-element_type=\"widget\" data-widget_type=\"heading.default\">\n\t\t\t\t\t<h1 class=\"elementor-heading-title elementor-size-default\">FOCUS REAS: FAQ<\/h1>\t\t\t\t<\/div>\n\t\t\t\t\t<\/div>\n\t\t<\/div>\n\t\t\t\t\t<\/div>\n\t\t<\/section>\n\t\t\t\t<section class=\"elementor-section elementor-top-section elementor-element elementor-element-50dc946 tm-column-break-ipad-no tm-col-stretched-none elementor-section-boxed elementor-section-height-default elementor-section-height-default\" data-id=\"50dc946\" data-element_type=\"section\">\n\t\t\t\t\t\t<div class=\"elementor-container elementor-column-gap-default\">\n\t\t\t\t\t<div class=\"elementor-column elementor-col-100 elementor-top-column elementor-element elementor-element-3581736\" data-id=\"3581736\" data-element_type=\"column\">\n\t\t\t<div class=\"elementor-widget-wrap elementor-element-populated\">\n\t\t\t\t\t\t<div class=\"elementor-element elementor-element-9ffdfa2 elementor-widget elementor-widget-heading\" data-id=\"9ffdfa2\" data-element_type=\"widget\" data-widget_type=\"heading.default\">\n\t\t\t\t\t<h5 class=\"elementor-heading-title elementor-size-default\">INFORMAZIONI GENERALI<\/h5>\t\t\t\t<\/div>\n\t\t\t\t<div class=\"elementor-element elementor-element-fe993cb elementor-widget elementor-widget-text-editor\" data-id=\"fe993cb\" data-element_type=\"widget\" data-widget_type=\"text-editor.default\">\n\t\t\t\t\t\t\t\t\t<ul>\n<li><span style=\"color: #ec7404;\"><strong>Quando si svolge la fiera?<\/strong><\/span><br \/>REAS si svolger\u00e0 in 3 giorni, da Gioved\u00ec 8 Ottobre fino a Sabato 10, presso il Centro Fiera Montichiari a Brescia<\/li>\n<li><strong><span style=\"color: #ec7404;\">L\u2019ingresso \u00e8 gratuito?<\/span><br \/><\/strong>S\u00ec, l\u2019ingresso \u00e8 completamente gratuito. \u00c8 sufficiente registrarsi online nella sezione Visitatori (alto a destra)<\/li>\n<li><strong><span style=\"color: #ec7404;\">Il pass \u00e8 valido per un solo giorno?<\/span><br \/><\/strong>No. Il pass d\u2019ingresso \u00e8 valido per tutti e tre i giorni della fiera, senza bisogno di richiedere nuovamente l\u2019accesso.<\/li>\n<\/ul>\n\t\t\t\t\t\t\t\t<\/div>\n\t\t\t\t<div class=\"elementor-element elementor-element-4e3b57d elementor-widget elementor-widget-heading\" data-id=\"4e3b57d\" data-element_type=\"widget\" data-widget_type=\"heading.default\">\n\t\t\t\t\t<h5 class=\"elementor-heading-title elementor-size-default\">ACCESSO E MOBILIT\u00c0<\/h5>\t\t\t\t<\/div>\n\t\t\t\t<div class=\"elementor-element elementor-element-3f08947 elementor-widget elementor-widget-text-editor\" data-id=\"3f08947\" data-element_type=\"widget\" data-widget_type=\"text-editor.default\">\n\t\t\t\t\t\t\t\t\t<ul>\n<li><span style=\"color: #ec7404;\"><strong>Come posso raggiungere la fiera?<\/strong><\/span><\/li>\n<\/ul>\n\t\t\t\t\t\t\t\t<\/div>\n\t\t\t\t<section class=\"elementor-section elementor-inner-section elementor-element elementor-element-e5156e0 tm-column-break-ipad-no tm-col-stretched-none elementor-section-boxed elementor-section-height-default elementor-section-height-default\" data-id=\"e5156e0\" data-element_type=\"section\">\n\t\t\t\t\t\t<div class=\"elementor-container elementor-column-gap-default\">\n\t\t\t\t\t<div class=\"elementor-column elementor-col-33 elementor-inner-column elementor-element elementor-element-7ed8202\" data-id=\"7ed8202\" data-element_type=\"column\">\n\t\t\t<div class=\"elementor-widget-wrap elementor-element-populated\">\n\t\t\t\t\t\t<div class=\"elementor-element elementor-element-4096f38 elementor-widget elementor-widget-text-editor\" data-id=\"4096f38\" data-element_type=\"widget\" data-widget_type=\"text-editor.default\">\n\t\t\t\t\t\t\t\t\t<p><strong>AUTO<\/strong><br \/>&#8211; Da Milano \/ Venezia: Autostrada A4 &#8211; Uscita Brescia EST<br \/>&#8211; Da Mantova: Statale Goitese<br \/>&#8211; Da Parma: Statale Asolana<br \/>&#8211; Da Cremona: Autostrada A21 &#8211; Uscita Brescia EST<\/p>\n\t\t\t\t\t\t\t\t<\/div>\n\t\t\t\t\t<\/div>\n\t\t<\/div>\n\t\t\t\t<div class=\"elementor-column elementor-col-33 elementor-inner-column elementor-element elementor-element-2d99735\" data-id=\"2d99735\" data-element_type=\"column\">\n\t\t\t<div class=\"elementor-widget-wrap elementor-element-populated\">\n\t\t\t\t\t\t<div class=\"elementor-element elementor-element-30eabde elementor-widget elementor-widget-text-editor\" data-id=\"30eabde\" data-element_type=\"widget\" data-widget_type=\"text-editor.default\">\n\t\t\t\t\t\t\t\t\t<p><strong>AUTUBUS<\/strong><br \/>Collegamenti linee ARRIVA-ITALIA e APAM<br \/>alla Stazione di Brescia e Montichiari<br \/>FERMATA: Fronte Centro Fiera<\/p>\n\t\t\t\t\t\t\t\t<\/div>\n\t\t\t\t\t<\/div>\n\t\t<\/div>\n\t\t\t\t<div class=\"elementor-column elementor-col-33 elementor-inner-column elementor-element elementor-element-1fdd8f9\" data-id=\"1fdd8f9\" data-element_type=\"column\">\n\t\t\t<div class=\"elementor-widget-wrap elementor-element-populated\">\n\t\t\t\t\t\t<div class=\"elementor-element elementor-element-e61b7be elementor-widget elementor-widget-text-editor\" data-id=\"e61b7be\" data-element_type=\"widget\" data-widget_type=\"text-editor.default\">\n\t\t\t\t\t\t\t\t\t<p><strong>TRENO<\/strong><br \/>&#8211; STAZIONE DI BRESCIA: 23km dal Centro Fiera<br \/>&#8211; STAZIONE DI DESENZANO DEL GARDA: 19km dal Centro Fiera<\/p>\n\t\t\t\t\t\t\t\t<\/div>\n\t\t\t\t\t<\/div>\n\t\t<\/div>\n\t\t\t\t\t<\/div>\n\t\t<\/section>\n\t\t\t\t<div class=\"elementor-element elementor-element-4a98075 elementor-widget elementor-widget-text-editor\" data-id=\"4a98075\" data-element_type=\"widget\" data-widget_type=\"text-editor.default\">\n\t\t\t\t\t\t\t\t\t<ul>\n<li><span style=\"color: #ec7404;\"><strong>\u00c8 disponibile un parcheggio?<\/strong><\/span><br \/>S\u00ec, il Centro Fiera Montichiari dispone di 11.000 posti auto.<\/li>\n<\/ul>\n\t\t\t\t\t\t\t\t<\/div>\n\t\t\t\t<div class=\"elementor-element elementor-element-0f535d4 elementor-widget elementor-widget-heading\" data-id=\"0f535d4\" data-element_type=\"widget\" data-widget_type=\"heading.default\">\n\t\t\t\t\t<h5 class=\"elementor-heading-title elementor-size-default\">ANIMALI E NORME DI ACCESSO<\/h5>\t\t\t\t<\/div>\n\t\t\t\t<div class=\"elementor-element elementor-element-ffd316b elementor-widget elementor-widget-text-editor\" data-id=\"ffd316b\" data-element_type=\"widget\" data-widget_type=\"text-editor.default\">\n\t\t\t\t\t\t\t\t\t<ul>\n<li><span style=\"color: #ec7404;\"><strong>I cani sono ammessi?<\/strong><\/span><br \/>S\u00ec, i cani sono ammessi all\u2019interno della fiera.<\/li>\n<li><strong><span style=\"color: #ec7404;\">Ci sono restrizioni per i cani di taglia media o grande?<\/span><br \/><\/strong>S\u00ec, i cani di taglia media e grande devono indossare la museruola, oltre a essere tenuti al guinzaglio in ogni momento.<\/li>\n<\/ul>\n\t\t\t\t\t\t\t\t<\/div>\n\t\t\t\t<div class=\"elementor-element elementor-element-4ae8b99 elementor-widget elementor-widget-heading\" data-id=\"4ae8b99\" data-element_type=\"widget\" data-widget_type=\"heading.default\">\n\t\t\t\t\t<h5 class=\"elementor-heading-title elementor-size-default\">SERVIZI IN FIERA<\/h5>\t\t\t\t<\/div>\n\t\t\t\t<div class=\"elementor-element elementor-element-f38a53e elementor-widget elementor-widget-text-editor\" data-id=\"f38a53e\" data-element_type=\"widget\" data-widget_type=\"text-editor.default\">\n\t\t\t\t\t\t\t\t\t<ul>\n<li><span style=\"color: #ec7404;\"><strong>Sono presenti aree ristoro?<\/strong><\/span><br \/>S\u00ec, troverai zone food &amp; drink con diverse proposte per soddisfare tutte le esigenze.<\/li>\n<li><strong><span style=\"color: #ec7404;\">La fiera \u00e8 accessibile a persone con disabilit\u00e0?<\/span><\/strong><br \/>Certamente. L\u2019area espositiva \u00e8 dotata di percorsi facilitati, servizi igienici accessibili e assistenza dedicata.<\/li>\n<li><span style=\"color: #ec7404;\"><strong>\u00c8 possibile portare passeggini o carrozzine?<\/strong><\/span><br \/>S\u00ec, la fiera \u00e8 totalmente accessibile anche per famiglie con bambini piccoli.<\/li>\n<\/ul>\n\t\t\t\t\t\t\t\t<\/div>\n\t\t\t\t\t<\/div>\n\t\t<\/div>\n\t\t\t\t\t<\/div>\n\t\t<\/section>\n\t\t\t\t<section class=\"elementor-section elementor-top-section elementor-element elementor-element-5c307ba tm-column-break-ipad-no tm-col-stretched-none elementor-section-boxed elementor-section-height-default elementor-section-height-default\" data-id=\"5c307ba\" data-element_type=\"section\">\n\t\t\t\t\t\t<div class=\"elementor-container elementor-column-gap-default\">\n\t\t\t\t\t<div class=\"elementor-column elementor-col-100 elementor-top-column elementor-element elementor-element-f37ffb4\" data-id=\"f37ffb4\" data-element_type=\"column\">\n\t\t\t<div class=\"elementor-widget-wrap elementor-element-populated\">\n\t\t\t\t\t\t<div class=\"elementor-element elementor-element-e9fad7b tm-btn-shape-rounded elementor-align-center tm-btn-color-skincolor tm-btn-style-flat elementor-widget elementor-widget-button\" data-id=\"e9fad7b\" data-element_type=\"widget\" data-widget_type=\"button.default\">\n\t\t\t\t\t\t\t\t\t\t<a class=\"elementor-button elementor-button-link elementor-size-sm\" href=\"https:\/\/reas.tmediasupport.com\/en\/contacts\/\">\n\t\t\t\t\t\t<span class=\"elementor-button-content-wrapper\">\n\t\t\t\t\t\t\t\t\t<span class=\"elementor-button-text\">Non trovi qui la risposta alla tua domanda? CONTATTACI<\/span>\n\t\t\t\t\t<\/span>\n\t\t\t\t\t<\/a>\n\t\t\t\t\t\t\t\t<\/div>\n\t\t\t\t\t<\/div>\n\t\t<\/div>\n\t\t\t\t\t<\/div>\n\t\t<\/section>\n\t\t\t\t<section class=\"elementor-section elementor-top-section elementor-element elementor-element-d078925 tm-column-break-ipad-no tm-col-stretched-none elementor-section-boxed elementor-section-height-default elementor-section-height-default\" data-id=\"d078925\" data-element_type=\"section\">\n\t\t\t\t\t\t<div class=\"elementor-container elementor-column-gap-default\">\n\t\t\t\t\t<div class=\"elementor-column elementor-col-100 elementor-top-column elementor-element elementor-element-97e0408\" data-id=\"97e0408\" data-element_type=\"column\">\n\t\t\t<div class=\"elementor-widget-wrap elementor-element-populated\">\n\t\t\t\t\t\t<div class=\"elementor-element elementor-element-dc70b0c elementor-widget elementor-widget-html\" data-id=\"dc70b0c\" data-element_type=\"widget\" data-widget_type=\"html.default\">\n\t\t\t\t\t<style>.tm-titlebar.entry-header{display:none;}<\/style>\t\t\t\t<\/div>\n\t\t\t\t\t<\/div>\n\t\t<\/div>\n\t\t\t\t\t<\/div>\n\t\t<\/section>\n\t\t\t\t<\/div>\n\t\t","protected":false},"excerpt":{"rendered":"<p>FOCUS REAS: FAQ INFORMAZIONI GENERALI Quando si svolge la fiera?REAS si svolger\u00e0 in 3 giorni, da Gioved\u00ec 8 Ottobre fino a Sabato 10, presso il Centro Fiera Montichiari a Brescia L\u2019ingresso \u00e8 gratuito?S\u00ec, l\u2019ingresso \u00e8 completamente gratuito. \u00c8 sufficiente registrarsi online nella sezione Visitatori (alto a destra) Il pass \u00e8 valido per un solo giorno?No. &hellip; <a href=\"https:\/\/reas.tmediasupport.com\/en\/contacts-4\/\" class=\"more-link\">Continue reading <span class=\"screen-reader-text\">Contacts<\/span><\/a><\/p>\n","protected":false},"author":1,"featured_media":0,"parent":0,"menu_order":0,"comment_status":"closed","ping_status":"closed","template":"","meta":{"footnotes":""},"class_list":["post-37598","page","type-page","status-publish","hentry"],"_links":{"self":[{"href":"https:\/\/reas.tmediasupport.com\/en\/wp-json\/wp\/v2\/pages\/37598","targetHints":{"allow":["GET"]}}],"collection":[{"href":"https:\/\/reas.tmediasupport.com\/en\/wp-json\/wp\/v2\/pages"}],"about":[{"href":"https:\/\/reas.tmediasupport.com\/en\/wp-json\/wp\/v2\/types\/page"}],"author":[{"embeddable":true,"href":"https:\/\/reas.tmediasupport.com\/en\/wp-json\/wp\/v2\/users\/1"}],"replies":[{"embeddable":true,"href":"https:\/\/reas.tmediasupport.com\/en\/wp-json\/wp\/v2\/comments?post=37598"}],"version-history":[{"count":2,"href":"https:\/\/reas.tmediasupport.com\/en\/wp-json\/wp\/v2\/pages\/37598\/revisions"}],"predecessor-version":[{"id":39401,"href":"https:\/\/reas.tmediasupport.com\/en\/wp-json\/wp\/v2\/pages\/37598\/revisions\/39401"}],"wp:attachment":[{"href":"https:\/\/reas.tmediasupport.com\/en\/wp-json\/wp\/v2\/media?parent=37598"}],"curies":[{"name":"wp","href":"https:\/\/api.w.org\/{rel}","templated":true}]}}